{"id":2785,"date":"2021-10-13T12:10:30","date_gmt":"2021-10-13T17:10:30","guid":{"rendered":"https:\/\/www.graceofcolor.com\/?post_type=product&#038;p=2785"},"modified":"2021-12-11T20:47:30","modified_gmt":"2021-12-12T01:47:30","slug":"pretty-youth-glow-filter-cheek-hug-brush-charlotte-tilbury","status":"publish","type":"product","link":"https:\/\/www.graceofcolor.com\/?product=pretty-youth-glow-filter-cheek-hug-brush-charlotte-tilbury","title":{"rendered":"Pretty Youth Glow Filter &#038; Cheek Hug Brush. Charlotte Tilbury"},"content":{"rendered":"","protected":false},"excerpt":{"rendered":"<p>Edici\u00f3n limitada<\/p>\n<p>Logra el efecto de brillo y piel suave de tu filtro de Instagram favorito con este d\u00fao de color en crema y polvo. La edici\u00f3n limitada Pretty Youth Glow Filter difumina la apariencia de los poros, la textura irregular y las imperfecciones de la superficie de la piel, a la vez que proporciona un brillo saludable y juvenil.<\/p>\n<ul>\n<li>Las exclusivas ceras gomosas a\u00f1aden una textura de primer toque a la f\u00f3rmula de crema a polvo para una recogida perfecta<\/li>\n<li>La f\u00f3rmula de tacto seco permite una aplicaci\u00f3n perfectamente combinable y una sensaci\u00f3n ligera de segunda piel<\/li>\n<li>Los pigmentos de colores brillantes agregan un delicado velo de calor cuando se aplica a la piel<\/li>\n<\/ul>\n","protected":false},"featured_media":2786,"template":"","meta":{"site-sidebar-layout":"default","site-content-layout":"default","ast-site-content-layout":"default","site-content-style":"default","site-sidebar-style":"default","ast-global-header-display":"","ast-banner-title-visibility":"","ast-main-header-display":"","ast-hfb-above-header-display":"","ast-hfb-below-header-display":"","ast-hfb-mobile-header-display":"","site-post-title":"","ast-breadcrumbs-content":"","ast-featured-img":"","footer-sml-layout":"","ast-disable-related-posts":"","theme-transparent-header-meta":"default","adv-header-id-meta":"","stick-header-meta":"","header-above-stick-meta":"","header-main-stick-meta":"","header-below-stick-meta":"","astra-migrate-meta-layouts":"default","ast-page-background-enabled":"default","ast-page-background-meta":{"desktop":{"background-color":"","background-image":"","background-repeat":"repeat","background-position":"center center","background-size":"auto","background-attachment":"scroll","background-type":"","background-media":"","overlay-type":"","overlay-color":"","overlay-opacity":"","overlay-gradient":""},"tablet":{"background-color":"","background-image":"","background-repeat":"repeat","background-position":"center center","background-size":"auto","background-attachment":"scroll","background-type":"","background-media":"","overlay-type":"","overlay-color":"","overlay-opacity":"","overlay-gradient":""},"mobile":{"background-color":"","background-image":"","background-repeat":"repeat","background-position":"center center","background-size":"auto","background-attachment":"scroll","background-type":"","background-media":"","overlay-type":"","overlay-color":"","overlay-opacity":"","overlay-gradient":""}},"ast-content-background-meta":{"desktop":{"background-color":"var(--ast-global-color-5)","background-image":"","background-repeat":"repeat","background-position":"center center","background-size":"auto","background-attachment":"scroll","background-type":"","background-media":"","overlay-type":"","overlay-color":"","overlay-opacity":"","overlay-gradient":""},"tablet":{"background-color":"var(--ast-global-color-5)","background-image":"","background-repeat":"repeat","background-position":"center center","background-size":"auto","background-attachment":"scroll","background-type":"","background-media":"","overlay-type":"","overlay-color":"","overlay-opacity":"","overlay-gradient":""},"mobile":{"background-color":"var(--ast-global-color-5)","background-image":"","background-repeat":"repeat","background-position":"center center","background-size":"auto","background-attachment":"scroll","background-type":"","background-media":"","overlay-type":"","overlay-color":"","overlay-opacity":"","overlay-gradient":""}}},"pwb-brand":[296],"product_brand":[],"product_cat":[58,63,62],"product_tag":[114,115,396,397],"class_list":{"0":"post-2785","1":"product","2":"type-product","3":"status-publish","4":"has-post-thumbnail","6":"pwb-brand-charlotte-tilbury","7":"product_cat-maquillaje","8":"product_cat-rostro","9":"product_cat-sale","10":"product_tag-charlottetilburycolombia","11":"product_tag-graceofcolor","12":"product_tag-maquillajecrueltyfree","13":"product_tag-maquillajedealtagama","14":"desktop-align-left","15":"tablet-align-left","16":"mobile-align-left","18":"first","19":"outofstock","20":"shipping-taxable","21":"product-type-simple"},"brands":[{"id":296,"name":"Charlotte Tilbury","slug":"charlotte-tilbury"}],"_links":{"self":[{"href":"https:\/\/www.graceofcolor.com\/index.php?rest_route=\/wp\/v2\/product\/2785","targetHints":{"allow":["GET"]}}],"collection":[{"href":"https:\/\/www.graceofcolor.com\/index.php?rest_route=\/wp\/v2\/product"}],"about":[{"href":"https:\/\/www.graceofcolor.com\/index.php?rest_route=\/wp\/v2\/types\/product"}],"wp:featuredmedia":[{"embeddable":true,"href":"https:\/\/www.graceofcolor.com\/index.php?rest_route=\/wp\/v2\/media\/2786"}],"wp:attachment":[{"href":"https:\/\/www.graceofcolor.com\/index.php?rest_route=%2Fwp%2Fv2%2Fmedia&parent=2785"}],"wp:term":[{"taxonomy":"pwb-brand","embeddable":true,"href":"https:\/\/www.graceofcolor.com\/index.php?rest_route=%2Fwp%2Fv2%2Fpwb-brand&post=2785"},{"taxonomy":"product_brand","embeddable":true,"href":"https:\/\/www.graceofcolor.com\/index.php?rest_route=%2Fwp%2Fv2%2Fproduct_brand&post=2785"},{"taxonomy":"product_cat","embeddable":true,"href":"https:\/\/www.graceofcolor.com\/index.php?rest_route=%2Fwp%2Fv2%2Fproduct_cat&post=2785"},{"taxonomy":"product_tag","embeddable":true,"href":"https:\/\/www.graceofcolor.com\/index.php?rest_route=%2Fwp%2Fv2%2Fproduct_tag&post=2785"}],"curies":[{"name":"wp","href":"https:\/\/api.w.org\/{rel}","templated":true}]}}