{"id":310,"date":"2021-01-13T20:10:24","date_gmt":"2021-01-14T01:10:24","guid":{"rendered":"http:\/\/www.graceofcolor.com\/?post_type=product&#038;p=310"},"modified":"2021-07-28T16:48:18","modified_gmt":"2021-07-28T21:48:18","slug":"dream-glitter-gel-violet-voss-cosmetics","status":"publish","type":"product","link":"https:\/\/www.graceofcolor.com\/?product=dream-glitter-gel-violet-voss-cosmetics","title":{"rendered":"Dream Glitter Gel- Violet Voss Cosmetics"},"content":{"rendered":"","protected":false},"excerpt":{"rendered":"<p>Esta f\u00f3rmula \u00fanica te permite aplicar brillo en un solo paso. Simplemente aplicas en las \u00e1reas deseadas y listo! Color Dream: Oro rosa opaco con reflejos plateados. Para obtener los mejores resultados, use el aplicador provisto o tu dedo. F\u00f3rmula a base de gel, se seca r\u00e1pidamente para un acabado brillante con una ca\u00edda m\u00ednima. Aplique una capa como topper dando golpecitos suaves y difuminando sobre la sombra de ojos<\/p>\n","protected":false},"featured_media":522,"template":"","meta":{"site-sidebar-layout":"default","site-content-layout":"default","ast-site-content-layout":"default","site-content-style":"default","site-sidebar-style":"default","ast-global-header-display":"","ast-banner-title-visibility":"","ast-main-header-display":"","ast-hfb-above-header-display":"","ast-hfb-below-header-display":"","ast-hfb-mobile-header-display":"","site-post-title":"","ast-breadcrumbs-content":"","ast-featured-img":"","footer-sml-layout":"","ast-disable-related-posts":"","theme-transparent-header-meta":"default","adv-header-id-meta":"","stick-header-meta":"","header-above-stick-meta":"","header-main-stick-meta":"","header-below-stick-meta":"","astra-migrate-meta-layouts":"default","ast-page-background-enabled":"default","ast-page-background-meta":{"desktop":{"background-color":"","background-image":"","background-repeat":"repeat","background-position":"center center","background-size":"auto","background-attachment":"scroll","background-type":"","background-media":"","overlay-type":"","overlay-color":"","overlay-opacity":"","overlay-gradient":""},"tablet":{"background-color":"","background-image":"","background-repeat":"repeat","background-position":"center center","background-size":"auto","background-attachment":"scroll","background-type":"","background-media":"","overlay-type":"","overlay-color":"","overlay-opacity":"","overlay-gradient":""},"mobile":{"background-color":"","background-image":"","background-repeat":"repeat","background-position":"center center","background-size":"auto","background-attachment":"scroll","background-type":"","background-media":"","overlay-type":"","overlay-color":"","overlay-opacity":"","overlay-gradient":""}},"ast-content-background-meta":{"desktop":{"background-color":"var(--ast-global-color-5)","background-image":"","background-repeat":"repeat","background-position":"center center","background-size":"auto","background-attachment":"scroll","background-type":"","background-media":"","overlay-type":"","overlay-color":"","overlay-opacity":"","overlay-gradient":""},"tablet":{"background-color":"var(--ast-global-color-5)","background-image":"","background-repeat":"repeat","background-position":"center center","background-size":"auto","background-attachment":"scroll","background-type":"","background-media":"","overlay-type":"","overlay-color":"","overlay-opacity":"","overlay-gradient":""},"mobile":{"background-color":"var(--ast-global-color-5)","background-image":"","background-repeat":"repeat","background-position":"center center","background-size":"auto","background-attachment":"scroll","background-type":"","background-media":"","overlay-type":"","overlay-color":"","overlay-opacity":"","overlay-gradient":""}}},"pwb-brand":[350],"product_brand":[],"product_cat":[58,64],"product_tag":[50,52,51],"class_list":{"0":"post-310","1":"product","2":"type-product","3":"status-publish","4":"has-post-thumbnail","6":"pwb-brand-violet-boss","7":"product_cat-maquillaje","8":"product_cat-ojos","9":"product_tag-beauty","10":"product_tag-belleza","11":"product_tag-makeup","12":"desktop-align-left","13":"tablet-align-left","14":"mobile-align-left","16":"first","17":"outofstock","18":"shipping-taxable","19":"product-type-simple"},"brands":[{"id":350,"name":"Violet Boss","slug":"violet-boss"}],"_links":{"self":[{"href":"https:\/\/www.graceofcolor.com\/index.php?rest_route=\/wp\/v2\/product\/310","targetHints":{"allow":["GET"]}}],"collection":[{"href":"https:\/\/www.graceofcolor.com\/index.php?rest_route=\/wp\/v2\/product"}],"about":[{"href":"https:\/\/www.graceofcolor.com\/index.php?rest_route=\/wp\/v2\/types\/product"}],"wp:featuredmedia":[{"embeddable":true,"href":"https:\/\/www.graceofcolor.com\/index.php?rest_route=\/wp\/v2\/media\/522"}],"wp:attachment":[{"href":"https:\/\/www.graceofcolor.com\/index.php?rest_route=%2Fwp%2Fv2%2Fmedia&parent=310"}],"wp:term":[{"taxonomy":"pwb-brand","embeddable":true,"href":"https:\/\/www.graceofcolor.com\/index.php?rest_route=%2Fwp%2Fv2%2Fpwb-brand&post=310"},{"taxonomy":"product_brand","embeddable":true,"href":"https:\/\/www.graceofcolor.com\/index.php?rest_route=%2Fwp%2Fv2%2Fproduct_brand&post=310"},{"taxonomy":"product_cat","embeddable":true,"href":"https:\/\/www.graceofcolor.com\/index.php?rest_route=%2Fwp%2Fv2%2Fproduct_cat&post=310"},{"taxonomy":"product_tag","embeddable":true,"href":"https:\/\/www.graceofcolor.com\/index.php?rest_route=%2Fwp%2Fv2%2Fproduct_tag&post=310"}],"curies":[{"name":"wp","href":"https:\/\/api.w.org\/{rel}","templated":true}]}}