{"id":3176,"date":"2022-08-14T15:52:19","date_gmt":"2022-08-14T20:52:19","guid":{"rendered":"https:\/\/www.graceofcolor.com\/?post_type=product&#038;p=3176"},"modified":"2022-09-16T23:35:46","modified_gmt":"2022-09-17T04:35:46","slug":"glass-skin-discovery-kit-peach-and-lily","status":"publish","type":"product","link":"https:\/\/www.graceofcolor.com\/?product=glass-skin-discovery-kit-peach-and-lily","title":{"rendered":"Glass Skin Discovery Kit. Peach and Lily."},"content":{"rendered":"","protected":false},"excerpt":{"rendered":"<p>Para una piel tan saludable que los poros se ven s\u00faper suaves y la piel se ve luminosa y clarificada.\u00a0 Para personas que quieran tener el efecto de \u00a0piel de porcelana, sin importar su tipo de piel o preocupaci\u00f3n por la piel. El Discovery Kit es una rutina \u00fanica de cuatro pasos de productos de h\u00e9roe que te ayudan a lograr Glass Skin r\u00e1pidamente.<\/p>\n<p>Paso 1: Power Calm Hydrating Gel Cleanser: (1.0 oz) Disuelva las impurezas y limpie completamente hasta los poros mientras hidrata la piel con este limpiador de bajo pH y sin sulfatos<\/p>\n<p>Paso 2: Esencia de tratamiento de roc\u00edo salvaje (1.0 oz) Tonifica y empapa la piel con hidrataci\u00f3n para una piel radiante y h\u00fameda. Los extractos puros de loto y bamb\u00fa dejan la piel con un aspecto m\u00e1s brillante y tranquilo<\/p>\n<p>Paso 3: Suero de refinamiento de la piel d(0.5 oz) La piel que se ve visiblemente m\u00e1s suave, m\u00e1s firme, m\u00e1s clara y m\u00e1s luminosa es la suya gracias al extracto de melocot\u00f3n, p\u00e9ptidos, niacinamida y \u00e1cido hialur\u00f3nico<\/p>\n<p>Paso 4: Matcha Pudding Antioxidant Cream (0.67 oz) Esta f\u00f3rmula profundamente hidratante, repleta de antioxidantes e iluminadores de la piel como el matcha y la niacinamida, hidrata sin sentarse pesadamente en la piel<\/p>\n<p>&nbsp;<\/p>\n","protected":false},"featured_media":3177,"template":"","meta":{"site-sidebar-layout":"default","site-content-layout":"default","ast-site-content-layout":"default","site-content-style":"default","site-sidebar-style":"default","ast-global-header-display":"","ast-banner-title-visibility":"","ast-main-header-display":"","ast-hfb-above-header-display":"","ast-hfb-below-header-display":"","ast-hfb-mobile-header-display":"","site-post-title":"","ast-breadcrumbs-content":"","ast-featured-img":"","footer-sml-layout":"","ast-disable-related-posts":"","theme-transparent-header-meta":"","adv-header-id-meta":"","stick-header-meta":"","header-above-stick-meta":"","header-main-stick-meta":"","header-below-stick-meta":"","astra-migrate-meta-layouts":"default","ast-page-background-enabled":"default","ast-page-background-meta":{"desktop":{"background-color":"","background-image":"","background-repeat":"repeat","background-position":"center center","background-size":"auto","background-attachment":"scroll","background-type":"","background-media":"","overlay-type":"","overlay-color":"","overlay-opacity":"","overlay-gradient":""},"tablet":{"background-color":"","background-image":"","background-repeat":"repeat","background-position":"center center","background-size":"auto","background-attachment":"scroll","background-type":"","background-media":"","overlay-type":"","overlay-color":"","overlay-opacity":"","overlay-gradient":""},"mobile":{"background-color":"","background-image":"","background-repeat":"repeat","background-position":"center center","background-size":"auto","background-attachment":"scroll","background-type":"","background-media":"","overlay-type":"","overlay-color":"","overlay-opacity":"","overlay-gradient":""}},"ast-content-background-meta":{"desktop":{"background-color":"var(--ast-global-color-5)","background-image":"","background-repeat":"repeat","background-position":"center center","background-size":"auto","background-attachment":"scroll","background-type":"","background-media":"","overlay-type":"","overlay-color":"","overlay-opacity":"","overlay-gradient":""},"tablet":{"background-color":"var(--ast-global-color-5)","background-image":"","background-repeat":"repeat","background-position":"center center","background-size":"auto","background-attachment":"scroll","background-type":"","background-media":"","overlay-type":"","overlay-color":"","overlay-opacity":"","overlay-gradient":""},"mobile":{"background-color":"var(--ast-global-color-5)","background-image":"","background-repeat":"repeat","background-position":"center center","background-size":"auto","background-attachment":"scroll","background-type":"","background-media":"","overlay-type":"","overlay-color":"","overlay-opacity":"","overlay-gradient":""}}},"pwb-brand":[356],"product_brand":[],"product_cat":[59,66,62,357],"product_tag":[70,115,139],"class_list":{"0":"post-3176","1":"product","2":"type-product","3":"status-publish","4":"has-post-thumbnail","6":"pwb-brand-peach-lily","7":"product_cat-cuidado-de-la-piel","8":"product_cat-rostro-cuidado-de-la-piel","9":"product_cat-sale","10":"product_cat-sets","11":"product_tag-cuidadodelapiel","12":"product_tag-graceofcolor","13":"product_tag-skincare","14":"desktop-align-left","15":"tablet-align-left","16":"mobile-align-left","18":"first","19":"outofstock","20":"shipping-taxable","21":"product-type-simple"},"brands":[{"id":356,"name":"Peach Lily","slug":"peach-lily"}],"_links":{"self":[{"href":"https:\/\/www.graceofcolor.com\/index.php?rest_route=\/wp\/v2\/product\/3176","targetHints":{"allow":["GET"]}}],"collection":[{"href":"https:\/\/www.graceofcolor.com\/index.php?rest_route=\/wp\/v2\/product"}],"about":[{"href":"https:\/\/www.graceofcolor.com\/index.php?rest_route=\/wp\/v2\/types\/product"}],"wp:featuredmedia":[{"embeddable":true,"href":"https:\/\/www.graceofcolor.com\/index.php?rest_route=\/wp\/v2\/media\/3177"}],"wp:attachment":[{"href":"https:\/\/www.graceofcolor.com\/index.php?rest_route=%2Fwp%2Fv2%2Fmedia&parent=3176"}],"wp:term":[{"taxonomy":"pwb-brand","embeddable":true,"href":"https:\/\/www.graceofcolor.com\/index.php?rest_route=%2Fwp%2Fv2%2Fpwb-brand&post=3176"},{"taxonomy":"product_brand","embeddable":true,"href":"https:\/\/www.graceofcolor.com\/index.php?rest_route=%2Fwp%2Fv2%2Fproduct_brand&post=3176"},{"taxonomy":"product_cat","embeddable":true,"href":"https:\/\/www.graceofcolor.com\/index.php?rest_route=%2Fwp%2Fv2%2Fproduct_cat&post=3176"},{"taxonomy":"product_tag","embeddable":true,"href":"https:\/\/www.graceofcolor.com\/index.php?rest_route=%2Fwp%2Fv2%2Fproduct_tag&post=3176"}],"curies":[{"name":"wp","href":"https:\/\/api.w.org\/{rel}","templated":true}]}}