{"id":3395,"date":"2023-01-18T18:03:15","date_gmt":"2023-01-18T23:03:15","guid":{"rendered":"https:\/\/www.graceofcolor.com\/?post_type=product&#038;p=3395"},"modified":"2024-01-13T11:21:03","modified_gmt":"2024-01-13T16:21:03","slug":"truth-juice-daily-cleanser-olehenriksen","status":"publish","type":"product","link":"https:\/\/www.graceofcolor.com\/?product=truth-juice-daily-cleanser-olehenriksen","title":{"rendered":"Truth Juice Daily cleanser. Olehenriksen"},"content":{"rendered":"","protected":false},"excerpt":{"rendered":"<p>Truth Juice Daily Cleanser. Este limpiador vegano diario, hecho con agua de fruta de naranja y PHA, elimina la suciedad, el aceite y el maquillaje de ojos de larga duraci\u00f3n (s\u00ed, incluso ese r\u00edmel obstinado que parec\u00eda una buena idea en ese momento), y revela una piel fresca y energizada en un solo paso.<\/p>\n","protected":false},"featured_media":3409,"template":"","meta":{"site-sidebar-layout":"default","site-content-layout":"default","ast-site-content-layout":"default","site-content-style":"default","site-sidebar-style":"default","ast-global-header-display":"","ast-banner-title-visibility":"","ast-main-header-display":"","ast-hfb-above-header-display":"","ast-hfb-below-header-display":"","ast-hfb-mobile-header-display":"","site-post-title":"","ast-breadcrumbs-content":"","ast-featured-img":"","footer-sml-layout":"","ast-disable-related-posts":"","theme-transparent-header-meta":"default","adv-header-id-meta":"","stick-header-meta":"","header-above-stick-meta":"","header-main-stick-meta":"","header-below-stick-meta":"","astra-migrate-meta-layouts":"default","ast-page-background-enabled":"default","ast-page-background-meta":{"desktop":{"background-color":"","background-image":"","background-repeat":"repeat","background-position":"center center","background-size":"auto","background-attachment":"scroll","background-type":"","background-media":"","overlay-type":"","overlay-color":"","overlay-opacity":"","overlay-gradient":""},"tablet":{"background-color":"","background-image":"","background-repeat":"repeat","background-position":"center center","background-size":"auto","background-attachment":"scroll","background-type":"","background-media":"","overlay-type":"","overlay-color":"","overlay-opacity":"","overlay-gradient":""},"mobile":{"background-color":"","background-image":"","background-repeat":"repeat","background-position":"center center","background-size":"auto","background-attachment":"scroll","background-type":"","background-media":"","overlay-type":"","overlay-color":"","overlay-opacity":"","overlay-gradient":""}},"ast-content-background-meta":{"desktop":{"background-color":"var(--ast-global-color-5)","background-image":"","background-repeat":"repeat","background-position":"center center","background-size":"auto","background-attachment":"scroll","background-type":"","background-media":"","overlay-type":"","overlay-color":"","overlay-opacity":"","overlay-gradient":""},"tablet":{"background-color":"var(--ast-global-color-5)","background-image":"","background-repeat":"repeat","background-position":"center center","background-size":"auto","background-attachment":"scroll","background-type":"","background-media":"","overlay-type":"","overlay-color":"","overlay-opacity":"","overlay-gradient":""},"mobile":{"background-color":"var(--ast-global-color-5)","background-image":"","background-repeat":"repeat","background-position":"center center","background-size":"auto","background-attachment":"scroll","background-type":"","background-media":"","overlay-type":"","overlay-color":"","overlay-opacity":"","overlay-gradient":""}}},"pwb-brand":[332],"product_brand":[],"product_cat":[59,66,62],"product_tag":[137,139,443],"class_list":{"0":"post-3395","1":"product","2":"type-product","3":"status-publish","4":"has-post-thumbnail","6":"pwb-brand-olihenriksen","7":"product_cat-cuidado-de-la-piel","8":"product_cat-rostro-cuidado-de-la-piel","9":"product_cat-sale","10":"product_tag-olehenriksencololmbia","11":"product_tag-skincare","12":"product_tag-grace","13":"desktop-align-left","14":"tablet-align-left","15":"mobile-align-left","17":"first","18":"outofstock","19":"shipping-taxable","20":"product-type-simple"},"brands":[{"id":332,"name":"Olehenriksen","slug":"olihenriksen"}],"_links":{"self":[{"href":"https:\/\/www.graceofcolor.com\/index.php?rest_route=\/wp\/v2\/product\/3395","targetHints":{"allow":["GET"]}}],"collection":[{"href":"https:\/\/www.graceofcolor.com\/index.php?rest_route=\/wp\/v2\/product"}],"about":[{"href":"https:\/\/www.graceofcolor.com\/index.php?rest_route=\/wp\/v2\/types\/product"}],"wp:featuredmedia":[{"embeddable":true,"href":"https:\/\/www.graceofcolor.com\/index.php?rest_route=\/wp\/v2\/media\/3409"}],"wp:attachment":[{"href":"https:\/\/www.graceofcolor.com\/index.php?rest_route=%2Fwp%2Fv2%2Fmedia&parent=3395"}],"wp:term":[{"taxonomy":"pwb-brand","embeddable":true,"href":"https:\/\/www.graceofcolor.com\/index.php?rest_route=%2Fwp%2Fv2%2Fpwb-brand&post=3395"},{"taxonomy":"product_brand","embeddable":true,"href":"https:\/\/www.graceofcolor.com\/index.php?rest_route=%2Fwp%2Fv2%2Fproduct_brand&post=3395"},{"taxonomy":"product_cat","embeddable":true,"href":"https:\/\/www.graceofcolor.com\/index.php?rest_route=%2Fwp%2Fv2%2Fproduct_cat&post=3395"},{"taxonomy":"product_tag","embeddable":true,"href":"https:\/\/www.graceofcolor.com\/index.php?rest_route=%2Fwp%2Fv2%2Fproduct_tag&post=3395"}],"curies":[{"name":"wp","href":"https:\/\/api.w.org\/{rel}","templated":true}]}}