{"id":436,"date":"2021-01-17T09:11:28","date_gmt":"2021-01-17T14:11:28","guid":{"rendered":"https:\/\/www.graceofcolor.com\/?post_type=product&#038;p=436"},"modified":"2021-07-28T16:47:43","modified_gmt":"2021-07-28T21:47:43","slug":"secador-remington-silk","status":"publish","type":"product","link":"https:\/\/www.graceofcolor.com\/?product=secador-remington-silk","title":{"rendered":"Secador Remington Silk"},"content":{"rendered":"","protected":false},"excerpt":{"rendered":"<p>Deja tu cabello suave y terso con Remington. El secador de cabello profesional con tecnolog\u00eda avanzada SILK Ceramic funciona hasta 50% m\u00e1s r\u00e1pido* gracias al motor de 1875 W. El revestimiento de cer\u00e1mica avanzada en la rejilla del secador genera un 90% m\u00e1s de iones* para darle un acabado suave y sedoso libre de frizz. Adem\u00e1s, incluye dos cabezales de fijaci\u00f3n: un concentrador para un estilo de precisi\u00f3n y un difusor para mantener los rizos y la textura.<\/p>\n","protected":false},"featured_media":437,"template":"","meta":{"site-sidebar-layout":"default","site-content-layout":"default","ast-site-content-layout":"default","site-content-style":"default","site-sidebar-style":"default","ast-global-header-display":"","ast-banner-title-visibility":"","ast-main-header-display":"","ast-hfb-above-header-display":"","ast-hfb-below-header-display":"","ast-hfb-mobile-header-display":"","site-post-title":"","ast-breadcrumbs-content":"","ast-featured-img":"","footer-sml-layout":"","ast-disable-related-posts":"","theme-transparent-header-meta":"default","adv-header-id-meta":"","stick-header-meta":"","header-above-stick-meta":"","header-main-stick-meta":"","header-below-stick-meta":"","astra-migrate-meta-layouts":"default","ast-page-background-enabled":"default","ast-page-background-meta":{"desktop":{"background-color":"","background-image":"","background-repeat":"repeat","background-position":"center center","background-size":"auto","background-attachment":"scroll","background-type":"","background-media":"","overlay-type":"","overlay-color":"","overlay-opacity":"","overlay-gradient":""},"tablet":{"background-color":"","background-image":"","background-repeat":"repeat","background-position":"center center","background-size":"auto","background-attachment":"scroll","background-type":"","background-media":"","overlay-type":"","overlay-color":"","overlay-opacity":"","overlay-gradient":""},"mobile":{"background-color":"","background-image":"","background-repeat":"repeat","background-position":"center center","background-size":"auto","background-attachment":"scroll","background-type":"","background-media":"","overlay-type":"","overlay-color":"","overlay-opacity":"","overlay-gradient":""}},"ast-content-background-meta":{"desktop":{"background-color":"var(--ast-global-color-5)","background-image":"","background-repeat":"repeat","background-position":"center center","background-size":"auto","background-attachment":"scroll","background-type":"","background-media":"","overlay-type":"","overlay-color":"","overlay-opacity":"","overlay-gradient":""},"tablet":{"background-color":"var(--ast-global-color-5)","background-image":"","background-repeat":"repeat","background-position":"center center","background-size":"auto","background-attachment":"scroll","background-type":"","background-media":"","overlay-type":"","overlay-color":"","overlay-opacity":"","overlay-gradient":""},"mobile":{"background-color":"var(--ast-global-color-5)","background-image":"","background-repeat":"repeat","background-position":"center center","background-size":"auto","background-attachment":"scroll","background-type":"","background-media":"","overlay-type":"","overlay-color":"","overlay-opacity":"","overlay-gradient":""}}},"pwb-brand":[336],"product_brand":[],"product_cat":[61,60,62],"product_tag":[50,52,73],"class_list":{"0":"post-436","1":"product","2":"type-product","3":"status-publish","4":"has-post-thumbnail","6":"pwb-brand-remington","7":"product_cat-accesorios","8":"product_cat-cuidado-del-cabello","9":"product_cat-sale","10":"product_tag-beauty","11":"product_tag-belleza","12":"product_tag-cabellosaludable","13":"desktop-align-left","14":"tablet-align-left","15":"mobile-align-left","17":"first","18":"outofstock","19":"shipping-taxable","20":"product-type-simple"},"brands":[{"id":336,"name":"Remington","slug":"remington"}],"_links":{"self":[{"href":"https:\/\/www.graceofcolor.com\/index.php?rest_route=\/wp\/v2\/product\/436","targetHints":{"allow":["GET"]}}],"collection":[{"href":"https:\/\/www.graceofcolor.com\/index.php?rest_route=\/wp\/v2\/product"}],"about":[{"href":"https:\/\/www.graceofcolor.com\/index.php?rest_route=\/wp\/v2\/types\/product"}],"wp:featuredmedia":[{"embeddable":true,"href":"https:\/\/www.graceofcolor.com\/index.php?rest_route=\/wp\/v2\/media\/437"}],"wp:attachment":[{"href":"https:\/\/www.graceofcolor.com\/index.php?rest_route=%2Fwp%2Fv2%2Fmedia&parent=436"}],"wp:term":[{"taxonomy":"pwb-brand","embeddable":true,"href":"https:\/\/www.graceofcolor.com\/index.php?rest_route=%2Fwp%2Fv2%2Fpwb-brand&post=436"},{"taxonomy":"product_brand","embeddable":true,"href":"https:\/\/www.graceofcolor.com\/index.php?rest_route=%2Fwp%2Fv2%2Fproduct_brand&post=436"},{"taxonomy":"product_cat","embeddable":true,"href":"https:\/\/www.graceofcolor.com\/index.php?rest_route=%2Fwp%2Fv2%2Fproduct_cat&post=436"},{"taxonomy":"product_tag","embeddable":true,"href":"https:\/\/www.graceofcolor.com\/index.php?rest_route=%2Fwp%2Fv2%2Fproduct_tag&post=436"}],"curies":[{"name":"wp","href":"https:\/\/api.w.org\/{rel}","templated":true}]}}