{"id":438,"date":"2021-01-17T09:14:10","date_gmt":"2021-01-17T14:14:10","guid":{"rendered":"https:\/\/www.graceofcolor.com\/?post_type=product&#038;p=438"},"modified":"2022-03-02T11:41:53","modified_gmt":"2022-03-02T16:41:53","slug":"plancha-alisadora-remington-frizz-control","status":"publish","type":"product","link":"https:\/\/www.graceofcolor.com\/?product=plancha-alisadora-remington-frizz-control","title":{"rendered":"Plancha alisadora Remington frizz control"},"content":{"rendered":"","protected":false},"excerpt":{"rendered":"<p>Elimina el frizz con la plancha para cabello de Remington Frizz Control, protecci\u00f3n contra el frizz todo el d\u00eda. Las placas rebubiertas con cer\u00e1mica avanzada protegen tu cabello durante el uso gracias a sus microacondicionadores eliminando el frizz incluso en ambientes h\u00famedos. Los microacondicionadores de la plancha de cabello resistentes al frizz se transfieren al cabello cuando se usan y generan hasta un 63% menos de frizz* por hasta 15 horas, incluso en humedad.<\/p>\n","protected":false},"featured_media":439,"template":"","meta":{"site-sidebar-layout":"default","site-content-layout":"default","ast-site-content-layout":"default","site-content-style":"default","site-sidebar-style":"default","ast-global-header-display":"","ast-banner-title-visibility":"","ast-main-header-display":"","ast-hfb-above-header-display":"","ast-hfb-below-header-display":"","ast-hfb-mobile-header-display":"","site-post-title":"","ast-breadcrumbs-content":"","ast-featured-img":"","footer-sml-layout":"","ast-disable-related-posts":"","theme-transparent-header-meta":"default","adv-header-id-meta":"","stick-header-meta":"","header-above-stick-meta":"","header-main-stick-meta":"","header-below-stick-meta":"","astra-migrate-meta-layouts":"default","ast-page-background-enabled":"default","ast-page-background-meta":{"desktop":{"background-color":"","background-image":"","background-repeat":"repeat","background-position":"center center","background-size":"auto","background-attachment":"scroll","background-type":"","background-media":"","overlay-type":"","overlay-color":"","overlay-opacity":"","overlay-gradient":""},"tablet":{"background-color":"","background-image":"","background-repeat":"repeat","background-position":"center center","background-size":"auto","background-attachment":"scroll","background-type":"","background-media":"","overlay-type":"","overlay-color":"","overlay-opacity":"","overlay-gradient":""},"mobile":{"background-color":"","background-image":"","background-repeat":"repeat","background-position":"center center","background-size":"auto","background-attachment":"scroll","background-type":"","background-media":"","overlay-type":"","overlay-color":"","overlay-opacity":"","overlay-gradient":""}},"ast-content-background-meta":{"desktop":{"background-color":"var(--ast-global-color-5)","background-image":"","background-repeat":"repeat","background-position":"center center","background-size":"auto","background-attachment":"scroll","background-type":"","background-media":"","overlay-type":"","overlay-color":"","overlay-opacity":"","overlay-gradient":""},"tablet":{"background-color":"var(--ast-global-color-5)","background-image":"","background-repeat":"repeat","background-position":"center center","background-size":"auto","background-attachment":"scroll","background-type":"","background-media":"","overlay-type":"","overlay-color":"","overlay-opacity":"","overlay-gradient":""},"mobile":{"background-color":"var(--ast-global-color-5)","background-image":"","background-repeat":"repeat","background-position":"center center","background-size":"auto","background-attachment":"scroll","background-type":"","background-media":"","overlay-type":"","overlay-color":"","overlay-opacity":"","overlay-gradient":""}}},"pwb-brand":[336],"product_brand":[],"product_cat":[61,60,62],"product_tag":[50,52,73],"class_list":{"0":"post-438","1":"product","2":"type-product","3":"status-publish","4":"has-post-thumbnail","6":"pwb-brand-remington","7":"product_cat-accesorios","8":"product_cat-cuidado-del-cabello","9":"product_cat-sale","10":"product_tag-beauty","11":"product_tag-belleza","12":"product_tag-cabellosaludable","13":"desktop-align-left","14":"tablet-align-left","15":"mobile-align-left","17":"first","18":"instock","19":"sale","20":"shipping-taxable","21":"purchasable","22":"product-type-simple"},"brands":[{"id":336,"name":"Remington","slug":"remington"}],"_links":{"self":[{"href":"https:\/\/www.graceofcolor.com\/index.php?rest_route=\/wp\/v2\/product\/438","targetHints":{"allow":["GET"]}}],"collection":[{"href":"https:\/\/www.graceofcolor.com\/index.php?rest_route=\/wp\/v2\/product"}],"about":[{"href":"https:\/\/www.graceofcolor.com\/index.php?rest_route=\/wp\/v2\/types\/product"}],"wp:featuredmedia":[{"embeddable":true,"href":"https:\/\/www.graceofcolor.com\/index.php?rest_route=\/wp\/v2\/media\/439"}],"wp:attachment":[{"href":"https:\/\/www.graceofcolor.com\/index.php?rest_route=%2Fwp%2Fv2%2Fmedia&parent=438"}],"wp:term":[{"taxonomy":"pwb-brand","embeddable":true,"href":"https:\/\/www.graceofcolor.com\/index.php?rest_route=%2Fwp%2Fv2%2Fpwb-brand&post=438"},{"taxonomy":"product_brand","embeddable":true,"href":"https:\/\/www.graceofcolor.com\/index.php?rest_route=%2Fwp%2Fv2%2Fproduct_brand&post=438"},{"taxonomy":"product_cat","embeddable":true,"href":"https:\/\/www.graceofcolor.com\/index.php?rest_route=%2Fwp%2Fv2%2Fproduct_cat&post=438"},{"taxonomy":"product_tag","embeddable":true,"href":"https:\/\/www.graceofcolor.com\/index.php?rest_route=%2Fwp%2Fv2%2Fproduct_tag&post=438"}],"curies":[{"name":"wp","href":"https:\/\/api.w.org\/{rel}","templated":true}]}}