{"id":455,"date":"2021-01-17T10:02:09","date_gmt":"2021-01-17T15:02:09","guid":{"rendered":"https:\/\/www.graceofcolor.com\/?post_type=product&#038;p=455"},"modified":"2022-08-28T19:35:06","modified_gmt":"2022-08-29T00:35:06","slug":"set-sol-de-jaineiro-brazilian-crush-body-fragrance-mist-brazilian-4-play-moisturizing-shower-cream-gel","status":"publish","type":"product","link":"https:\/\/www.graceofcolor.com\/?product=set-sol-de-jaineiro-brazilian-crush-body-fragrance-mist-brazilian-4-play-moisturizing-shower-cream-gel","title":{"rendered":"Set Sol de Jaineiro Brazilian Crush Body Fragrance Mist &#038; Brazilian 4 Play Moisturizing Shower Cream-Gel"},"content":{"rendered":"","protected":false},"excerpt":{"rendered":"<p>\ud83d\udd06Crema-Gel de ba\u00f1o (90 mL): con una fragancia deliciosa, que nutre y limpia suavemente la piel. Apto para piel Seca, Normal, Mixta, Grasa, Sensible.<br \/>\nEste producto NO CONTIENE: parabenos, ftalatos, PEG, colorantes sint\u00e9ticos, subproductos animales ni propilenglicol.<br \/>\nContiene poderosos ingredientes naturales del Amazonas, que incluyen una mezcla de manteca de cupua\u00e7u nutritiva, aceite de coco acondicionador de la piel y el superpoder antioxidante del a\u00e7a\u00ed. Este jab\u00f3n enjabonado tambi\u00e9n es una excelente crema de afeitar.<\/p>\n<p>\ud83d\udd06 Brazilian Crush Body Fragance Mist (90 mL): La bruma de fragancia corporal, te transporta instant\u00e1neamente a las seductoras playas de R\u00edo de Janeiro. Inspirada en la adictiva crema Brazilian Bum Bum con aroma a pistacho y caramelo salado, Brazilian Crush es una inmersi\u00f3n diaria deliciosamente soleada para usar en el cuerpo, el cabello y la ropa interior.<\/p>\n","protected":false},"featured_media":456,"template":"","meta":{"site-sidebar-layout":"default","site-content-layout":"default","ast-site-content-layout":"default","site-content-style":"default","site-sidebar-style":"default","ast-global-header-display":"","ast-banner-title-visibility":"","ast-main-header-display":"","ast-hfb-above-header-display":"","ast-hfb-below-header-display":"","ast-hfb-mobile-header-display":"","site-post-title":"","ast-breadcrumbs-content":"","ast-featured-img":"","footer-sml-layout":"","ast-disable-related-posts":"","theme-transparent-header-meta":"default","adv-header-id-meta":"","stick-header-meta":"","header-above-stick-meta":"","header-main-stick-meta":"","header-below-stick-meta":"","astra-migrate-meta-layouts":"default","ast-page-background-enabled":"default","ast-page-background-meta":{"desktop":{"background-color":"","background-image":"","background-repeat":"repeat","background-position":"center center","background-size":"auto","background-attachment":"scroll","background-type":"","background-media":"","overlay-type":"","overlay-color":"","overlay-opacity":"","overlay-gradient":""},"tablet":{"background-color":"","background-image":"","background-repeat":"repeat","background-position":"center center","background-size":"auto","background-attachment":"scroll","background-type":"","background-media":"","overlay-type":"","overlay-color":"","overlay-opacity":"","overlay-gradient":""},"mobile":{"background-color":"","background-image":"","background-repeat":"repeat","background-position":"center center","background-size":"auto","background-attachment":"scroll","background-type":"","background-media":"","overlay-type":"","overlay-color":"","overlay-opacity":"","overlay-gradient":""}},"ast-content-background-meta":{"desktop":{"background-color":"var(--ast-global-color-5)","background-image":"","background-repeat":"repeat","background-position":"center center","background-size":"auto","background-attachment":"scroll","background-type":"","background-media":"","overlay-type":"","overlay-color":"","overlay-opacity":"","overlay-gradient":""},"tablet":{"background-color":"var(--ast-global-color-5)","background-image":"","background-repeat":"repeat","background-position":"center center","background-size":"auto","background-attachment":"scroll","background-type":"","background-media":"","overlay-type":"","overlay-color":"","overlay-opacity":"","overlay-gradient":""},"mobile":{"background-color":"var(--ast-global-color-5)","background-image":"","background-repeat":"repeat","background-position":"center center","background-size":"auto","background-attachment":"scroll","background-type":"","background-media":"","overlay-type":"","overlay-color":"","overlay-opacity":"","overlay-gradient":""}}},"pwb-brand":[340],"product_brand":[],"product_cat":[145,59,62,357],"product_tag":[50,52,55,54],"class_list":{"0":"post-455","1":"product","2":"type-product","3":"status-publish","4":"has-post-thumbnail","6":"pwb-brand-sol-de-janeiro","7":"product_cat-cuerpo","8":"product_cat-cuidado-de-la-piel","9":"product_cat-sale","10":"product_cat-sets","11":"product_tag-beauty","12":"product_tag-belleza","13":"product_tag-piel-sana","14":"product_tag-saludable","15":"desktop-align-left","16":"tablet-align-left","17":"mobile-align-left","19":"first","20":"outofstock","21":"shipping-taxable","22":"product-type-simple"},"brands":[{"id":340,"name":"Sol de Janeiro","slug":"sol-de-janeiro"}],"_links":{"self":[{"href":"https:\/\/www.graceofcolor.com\/index.php?rest_route=\/wp\/v2\/product\/455","targetHints":{"allow":["GET"]}}],"collection":[{"href":"https:\/\/www.graceofcolor.com\/index.php?rest_route=\/wp\/v2\/product"}],"about":[{"href":"https:\/\/www.graceofcolor.com\/index.php?rest_route=\/wp\/v2\/types\/product"}],"wp:featuredmedia":[{"embeddable":true,"href":"https:\/\/www.graceofcolor.com\/index.php?rest_route=\/wp\/v2\/media\/456"}],"wp:attachment":[{"href":"https:\/\/www.graceofcolor.com\/index.php?rest_route=%2Fwp%2Fv2%2Fmedia&parent=455"}],"wp:term":[{"taxonomy":"pwb-brand","embeddable":true,"href":"https:\/\/www.graceofcolor.com\/index.php?rest_route=%2Fwp%2Fv2%2Fpwb-brand&post=455"},{"taxonomy":"product_brand","embeddable":true,"href":"https:\/\/www.graceofcolor.com\/index.php?rest_route=%2Fwp%2Fv2%2Fproduct_brand&post=455"},{"taxonomy":"product_cat","embeddable":true,"href":"https:\/\/www.graceofcolor.com\/index.php?rest_route=%2Fwp%2Fv2%2Fproduct_cat&post=455"},{"taxonomy":"product_tag","embeddable":true,"href":"https:\/\/www.graceofcolor.com\/index.php?rest_route=%2Fwp%2Fv2%2Fproduct_tag&post=455"}],"curies":[{"name":"wp","href":"https:\/\/api.w.org\/{rel}","templated":true}]}}