{"id":493,"date":"2021-01-17T11:39:05","date_gmt":"2021-01-17T16:39:05","guid":{"rendered":"https:\/\/www.graceofcolor.com\/?post_type=product&#038;p=493"},"modified":"2024-01-14T22:14:45","modified_gmt":"2024-01-15T03:14:45","slug":"facial-radiance-pads-first-aid-beauty","status":"publish","type":"product","link":"https:\/\/www.graceofcolor.com\/?product=facial-radiance-pads-first-aid-beauty","title":{"rendered":"First Aid Beauty. Facial Radiance Pads"},"content":{"rendered":"","protected":false},"excerpt":{"rendered":"<p>Almohadillas de tratamiento diario con \u00e1cidos l\u00e1ctico y glic\u00f3lico para exfoliar, tonificar e iluminar de manera segura y eficaz.<\/p>\n<p>60 pads<\/p>\n<p>Tipo de piel: normal, seca y mixta<\/p>\n<p>Ingredientes destacados:<br \/>\n&#8211; \u00c1cidos glic\u00f3lico y l\u00e1ctico: Alfa hidroxi\u00e1cidos que exfolian la piel, ayud\u00e1ndola a lucir m\u00e1s luminosa y con una textura mejorada.<br \/>\nEste producto es vegano, libre de crueldad animal y sin gluten.<br \/>\nEl uso regular de estas almohadillas mejora la textura de la piel, realza el brillo natural y proporciona un lienzo suave para una aplicaci\u00f3n de maquillaje impecable. El pepino y la grosella espinosa india ayudan a tonificar la piel, mientras que la c\u00e1scara de lim\u00f3n y la ra\u00edz de regaliz ayudan a iluminar la tez. Lo suficientemente seguro y suave para usar a diario, incluso en pieles sensibles. Tama\u00f1o completo 60 almohadillas.<\/p>\n","protected":false},"featured_media":494,"template":"","meta":{"site-sidebar-layout":"default","site-content-layout":"default","ast-site-content-layout":"default","site-content-style":"default","site-sidebar-style":"default","ast-global-header-display":"","ast-banner-title-visibility":"","ast-main-header-display":"","ast-hfb-above-header-display":"","ast-hfb-below-header-display":"","ast-hfb-mobile-header-display":"","site-post-title":"","ast-breadcrumbs-content":"","ast-featured-img":"","footer-sml-layout":"","ast-disable-related-posts":"","theme-transparent-header-meta":"default","adv-header-id-meta":"","stick-header-meta":"","header-above-stick-meta":"","header-main-stick-meta":"","header-below-stick-meta":"","astra-migrate-meta-layouts":"set","ast-page-background-enabled":"default","ast-page-background-meta":{"desktop":{"background-color":"","background-image":"","background-repeat":"repeat","background-position":"center center","background-size":"auto","background-attachment":"scroll","background-type":"","background-media":"","overlay-type":"","overlay-color":"","overlay-opacity":"","overlay-gradient":""},"tablet":{"background-color":"","background-image":"","background-repeat":"repeat","background-position":"center center","background-size":"auto","background-attachment":"scroll","background-type":"","background-media":"","overlay-type":"","overlay-color":"","overlay-opacity":"","overlay-gradient":""},"mobile":{"background-color":"","background-image":"","background-repeat":"repeat","background-position":"center center","background-size":"auto","background-attachment":"scroll","background-type":"","background-media":"","overlay-type":"","overlay-color":"","overlay-opacity":"","overlay-gradient":""}},"ast-content-background-meta":{"desktop":{"background-color":"var(--ast-global-color-5)","background-image":"","background-repeat":"repeat","background-position":"center center","background-size":"auto","background-attachment":"scroll","background-type":"","background-media":"","overlay-type":"","overlay-color":"","overlay-opacity":"","overlay-gradient":""},"tablet":{"background-color":"var(--ast-global-color-5)","background-image":"","background-repeat":"repeat","background-position":"center center","background-size":"auto","background-attachment":"scroll","background-type":"","background-media":"","overlay-type":"","overlay-color":"","overlay-opacity":"","overlay-gradient":""},"mobile":{"background-color":"var(--ast-global-color-5)","background-image":"","background-repeat":"repeat","background-position":"center center","background-size":"auto","background-attachment":"scroll","background-type":"","background-media":"","overlay-type":"","overlay-color":"","overlay-opacity":"","overlay-gradient":""}}},"pwb-brand":[308],"product_brand":[],"product_cat":[59,66],"product_tag":[50,52,57,70,55],"class_list":{"0":"post-493","1":"product","2":"type-product","3":"status-publish","4":"has-post-thumbnail","6":"pwb-brand-first-aid-beauty","7":"product_cat-cuidado-de-la-piel","8":"product_cat-rostro-cuidado-de-la-piel","9":"product_tag-beauty","10":"product_tag-belleza","11":"product_tag-cruelty-free","12":"product_tag-cuidadodelapiel","13":"product_tag-piel-sana","14":"desktop-align-left","15":"tablet-align-left","16":"mobile-align-left","18":"first","19":"instock","20":"sale","21":"shipping-taxable","22":"purchasable","23":"product-type-simple"},"brands":[{"id":308,"name":"First Aid Beauty","slug":"first-aid-beauty"}],"_links":{"self":[{"href":"https:\/\/www.graceofcolor.com\/index.php?rest_route=\/wp\/v2\/product\/493","targetHints":{"allow":["GET"]}}],"collection":[{"href":"https:\/\/www.graceofcolor.com\/index.php?rest_route=\/wp\/v2\/product"}],"about":[{"href":"https:\/\/www.graceofcolor.com\/index.php?rest_route=\/wp\/v2\/types\/product"}],"wp:featuredmedia":[{"embeddable":true,"href":"https:\/\/www.graceofcolor.com\/index.php?rest_route=\/wp\/v2\/media\/494"}],"wp:attachment":[{"href":"https:\/\/www.graceofcolor.com\/index.php?rest_route=%2Fwp%2Fv2%2Fmedia&parent=493"}],"wp:term":[{"taxonomy":"pwb-brand","embeddable":true,"href":"https:\/\/www.graceofcolor.com\/index.php?rest_route=%2Fwp%2Fv2%2Fpwb-brand&post=493"},{"taxonomy":"product_brand","embeddable":true,"href":"https:\/\/www.graceofcolor.com\/index.php?rest_route=%2Fwp%2Fv2%2Fproduct_brand&post=493"},{"taxonomy":"product_cat","embeddable":true,"href":"https:\/\/www.graceofcolor.com\/index.php?rest_route=%2Fwp%2Fv2%2Fproduct_cat&post=493"},{"taxonomy":"product_tag","embeddable":true,"href":"https:\/\/www.graceofcolor.com\/index.php?rest_route=%2Fwp%2Fv2%2Fproduct_tag&post=493"}],"curies":[{"name":"wp","href":"https:\/\/api.w.org\/{rel}","templated":true}]}}